{"id":540,"date":"2018-11-27T09:16:54","date_gmt":"2018-11-27T09:16:54","guid":{"rendered":"https:\/\/tamx.com.mx\/index.php\/home-2\/"},"modified":"2026-01-22T18:04:06","modified_gmt":"2026-01-22T18:04:06","slug":"inicio","status":"publish","type":"page","link":"https:\/\/tamx.com.mx\/","title":{"rendered":"Inicio"},"content":{"rendered":"\t\t<div data-elementor-type=\"wp-page\" data-elementor-id=\"540\" class=\"elementor elementor-540\">\n\t\t\t\t\t\t<section class=\"elementor-section elementor-top-section elementor-element elementor-element-c50838b elementor-section-boxed elementor-section-height-default elementor-section-height-default\" data-id=\"c50838b\" data-element_type=\"section\" data-settings=\"{&quot;background_background&quot;:&quot;classic&quot;}\">\n\t\t\t\t\t\t\t<div class=\"elementor-background-overlay\"><\/div>\n\t\t\t\t\t\t\t<div class=\"elementor-container elementor-column-gap-default\">\n\t\t\t\t\t<div class=\"elementor-column elementor-col-100 elementor-top-column elementor-element elementor-element-55b0429\" data-id=\"55b0429\" data-element_type=\"column\">\n\t\t\t<div class=\"elementor-widget-wrap elementor-element-populated\">\n\t\t\t\t\t\t<div class=\"elementor-element elementor-element-3428592 elementor-widget elementor-widget-heading\" data-id=\"3428592\" data-element_type=\"widget\" data-widget_type=\"heading.default\">\n\t\t\t\t<div class=\"elementor-widget-container\">\n\t\t\t\t\t<h3 class=\"elementor-heading-title elementor-size-default\">Log\u00edstica, Almac\u00e9n y Transporte<\/h3>\t\t\t\t<\/div>\n\t\t\t\t<\/div>\n\t\t\t\t<div class=\"elementor-element elementor-element-92570e2 elementor-widget-divider--view-line elementor-widget elementor-widget-divider\" data-id=\"92570e2\" data-element_type=\"widget\" data-widget_type=\"divider.default\">\n\t\t\t\t<div class=\"elementor-widget-container\">\n\t\t\t\t\t\t\t<div class=\"elementor-divider\">\n\t\t\t<span class=\"elementor-divider-separator\">\n\t\t\t\t\t\t<\/span>\n\t\t<\/div>\n\t\t\t\t\t\t<\/div>\n\t\t\t\t<\/div>\n\t\t\t\t<div class=\"elementor-element elementor-element-453e782 elementor-widget elementor-widget-heading\" data-id=\"453e782\" data-element_type=\"widget\" data-widget_type=\"heading.default\">\n\t\t\t\t<div class=\"elementor-widget-container\">\n\t\t\t\t\t<h1 class=\"elementor-heading-title elementor-size-default\">TAMX LOGISTICS<\/h1>\t\t\t\t<\/div>\n\t\t\t\t<\/div>\n\t\t\t\t\t<\/div>\n\t\t<\/div>\n\t\t\t\t\t<\/div>\n\t\t<\/section>\n\t\t\t\t<section class=\"elementor-section elementor-top-section elementor-element elementor-element-5c31627 elementor-section-boxed elementor-section-height-default elementor-section-height-default\" data-id=\"5c31627\" data-element_type=\"section\" data-settings=\"{&quot;background_background&quot;:&quot;classic&quot;}\">\n\t\t\t\t\t\t<div class=\"elementor-container elementor-column-gap-default\">\n\t\t\t\t\t<div class=\"elementor-column elementor-col-50 elementor-top-column elementor-element elementor-element-32f335d\" data-id=\"32f335d\" data-element_type=\"column\">\n\t\t\t<div class=\"elementor-widget-wrap elementor-element-populated\">\n\t\t\t\t\t\t<div class=\"elementor-element elementor-element-afcd584 elementor-widget elementor-widget-image\" data-id=\"afcd584\" data-element_type=\"widget\" data-widget_type=\"image.default\">\n\t\t\t\t<div class=\"elementor-widget-container\">\n\t\t\t\t\t\t\t\t\t\t\t\t\t\t\t<img decoding=\"async\" width=\"200\" height=\"154\" src=\"https:\/\/tamx.com.mx\/wp-content\/uploads\/2018\/11\/quote-1.png\" class=\"attachment-full size-full wp-image-132\" alt=\"\" \/>\t\t\t\t\t\t\t\t\t\t\t\t\t\t\t<\/div>\n\t\t\t\t<\/div>\n\t\t\t\t\t<\/div>\n\t\t<\/div>\n\t\t\t\t<div class=\"elementor-column elementor-col-50 elementor-top-column elementor-element elementor-element-a107e3a\" data-id=\"a107e3a\" data-element_type=\"column\" data-settings=\"{&quot;background_background&quot;:&quot;classic&quot;}\">\n\t\t\t<div class=\"elementor-widget-wrap elementor-element-populated\">\n\t\t\t\t\t<div class=\"elementor-background-overlay\"><\/div>\n\t\t\t\t\t\t<div class=\"elementor-element elementor-element-cb5a798 elementor-widget elementor-widget-testimonial\" data-id=\"cb5a798\" data-element_type=\"widget\" data-widget_type=\"testimonial.default\">\n\t\t\t\t<div class=\"elementor-widget-container\">\n\t\t\t\t\t\t\t<div class=\"elementor-testimonial-wrapper\">\n\t\t\t\t\t\t\t<div class=\"elementor-testimonial-content\">\"Vis\u00edon global, acci\u00f3n local.\"<\/div>\n\t\t\t\n\t\t\t\t\t\t<div class=\"elementor-testimonial-meta\">\n\t\t\t\t<div class=\"elementor-testimonial-meta-inner\">\n\t\t\t\t\t\n\t\t\t\t\t\t\t\t\t\t<div class=\"elementor-testimonial-details\">\n\t\t\t\t\t\t\t\t\t\t\t\t\t\t<div class=\"elementor-testimonial-name\">- TAMX LOGISTICS S.A. DE C.V.<\/div>\n\t\t\t\t\t\t\t\t\t\t\t\t\t\t\t\t\t\t\t<\/div>\n\t\t\t\t\t\t\t\t\t<\/div>\n\t\t\t<\/div>\n\t\t\t\t\t<\/div>\n\t\t\t\t\t\t<\/div>\n\t\t\t\t<\/div>\n\t\t\t\t\t<\/div>\n\t\t<\/div>\n\t\t\t\t\t<\/div>\n\t\t<\/section>\n\t\t\t\t<section class=\"elementor-section elementor-top-section elementor-element elementor-element-01ffef0 elementor-section-boxed elementor-section-height-default elementor-section-height-default\" data-id=\"01ffef0\" data-element_type=\"section\">\n\t\t\t\t\t\t<div class=\"elementor-container elementor-column-gap-default\">\n\t\t\t\t\t<div class=\"elementor-column elementor-col-100 elementor-top-column elementor-element elementor-element-0aa0836\" data-id=\"0aa0836\" data-element_type=\"column\">\n\t\t\t<div class=\"elementor-widget-wrap elementor-element-populated\">\n\t\t\t\t\t\t<div class=\"elementor-element elementor-element-e5e7443 elementor-widget elementor-widget-heading\" data-id=\"e5e7443\" data-element_type=\"widget\" data-widget_type=\"heading.default\">\n\t\t\t\t<div class=\"elementor-widget-container\">\n\t\t\t\t\t<h2 class=\"elementor-heading-title elementor-size-default\">Nuestras instalaciones<\/h2>\t\t\t\t<\/div>\n\t\t\t\t<\/div>\n\t\t\t\t<div class=\"elementor-element elementor-element-151b4b0 elementor-widget-divider--view-line elementor-widget elementor-widget-divider\" data-id=\"151b4b0\" data-element_type=\"widget\" data-widget_type=\"divider.default\">\n\t\t\t\t<div class=\"elementor-widget-container\">\n\t\t\t\t\t\t\t<div class=\"elementor-divider\">\n\t\t\t<span class=\"elementor-divider-separator\">\n\t\t\t\t\t\t<\/span>\n\t\t<\/div>\n\t\t\t\t\t\t<\/div>\n\t\t\t\t<\/div>\n\t\t\t\t<section class=\"elementor-section elementor-inner-section elementor-element elementor-element-5415cda elementor-section-boxed elementor-section-height-default elementor-section-height-default\" data-id=\"5415cda\" data-element_type=\"section\">\n\t\t\t\t\t\t<div class=\"elementor-container elementor-column-gap-default\">\n\t\t\t\t\t<div class=\"elementor-column elementor-col-50 elementor-inner-column elementor-element elementor-element-2c614c4\" data-id=\"2c614c4\" data-element_type=\"column\">\n\t\t\t<div class=\"elementor-widget-wrap elementor-element-populated\">\n\t\t\t\t\t\t<div class=\"elementor-element elementor-element-a15c162 elementor-widget elementor-widget-image\" data-id=\"a15c162\" data-element_type=\"widget\" data-widget_type=\"image.default\">\n\t\t\t\t<div class=\"elementor-widget-container\">\n\t\t\t\t\t\t\t\t\t\t\t\t\t\t\t<img fetchpriority=\"high\" decoding=\"async\" width=\"2080\" height=\"1170\" src=\"https:\/\/tamx.com.mx\/wp-content\/uploads\/2023\/09\/20230804_224426569_iOS.jpg\" class=\"attachment-full size-full wp-image-584\" alt=\"\" srcset=\"https:\/\/tamx.com.mx\/wp-content\/uploads\/2023\/09\/20230804_224426569_iOS.jpg 2080w, https:\/\/tamx.com.mx\/wp-content\/uploads\/2023\/09\/20230804_224426569_iOS-300x169.jpg 300w, https:\/\/tamx.com.mx\/wp-content\/uploads\/2023\/09\/20230804_224426569_iOS-1024x576.jpg 1024w, https:\/\/tamx.com.mx\/wp-content\/uploads\/2023\/09\/20230804_224426569_iOS-768x432.jpg 768w, https:\/\/tamx.com.mx\/wp-content\/uploads\/2023\/09\/20230804_224426569_iOS-1536x864.jpg 1536w, https:\/\/tamx.com.mx\/wp-content\/uploads\/2023\/09\/20230804_224426569_iOS-2048x1152.jpg 2048w\" sizes=\"(max-width: 2080px) 100vw, 2080px\" \/>\t\t\t\t\t\t\t\t\t\t\t\t\t\t\t<\/div>\n\t\t\t\t<\/div>\n\t\t\t\t<div class=\"elementor-element elementor-element-ba141ea elementor-widget elementor-widget-image-box\" data-id=\"ba141ea\" data-element_type=\"widget\" data-widget_type=\"image-box.default\">\n\t\t\t\t<div class=\"elementor-widget-container\">\n\t\t\t\t\t<div class=\"elementor-image-box-wrapper\"><div class=\"elementor-image-box-content\"><h5 class=\"elementor-image-box-title\">Edificio Central<\/h5><p class=\"elementor-image-box-description\">Juntos trabajamos para brindarte un servicio de calidad para satisfacer tus m\u00e1s altas necesidades de log\u00edstica.<\/p><\/div><\/div>\t\t\t\t<\/div>\n\t\t\t\t<\/div>\n\t\t\t\t<div class=\"elementor-element elementor-element-4cc62c7 elementor-align-center elementor-widget elementor-widget-button\" data-id=\"4cc62c7\" data-element_type=\"widget\" data-widget_type=\"button.default\">\n\t\t\t\t<div class=\"elementor-widget-container\">\n\t\t\t\t\t\t\t\t\t<div class=\"elementor-button-wrapper\">\n\t\t\t\t\t<a class=\"elementor-button elementor-button-link elementor-size-sm\" href=\"#\">\n\t\t\t\t\t\t<span class=\"elementor-button-content-wrapper\">\n\t\t\t\t\t\t<span class=\"elementor-button-icon\">\n\t\t\t\t<i aria-hidden=\"true\" class=\"fas fa-long-arrow-alt-right\"><\/i>\t\t\t<\/span>\n\t\t\t\t\t\t\t\t\t<span class=\"elementor-button-text\">Conocer m\u00e1s<\/span>\n\t\t\t\t\t<\/span>\n\t\t\t\t\t<\/a>\n\t\t\t\t<\/div>\n\t\t\t\t\t\t\t\t<\/div>\n\t\t\t\t<\/div>\n\t\t\t\t\t<\/div>\n\t\t<\/div>\n\t\t\t\t<div class=\"elementor-column elementor-col-50 elementor-inner-column elementor-element elementor-element-1aaf044\" data-id=\"1aaf044\" data-element_type=\"column\">\n\t\t\t<div class=\"elementor-widget-wrap elementor-element-populated\">\n\t\t\t\t\t\t<div class=\"elementor-element elementor-element-0cc4d06 elementor-widget elementor-widget-image\" data-id=\"0cc4d06\" data-element_type=\"widget\" data-widget_type=\"image.default\">\n\t\t\t\t<div class=\"elementor-widget-container\">\n\t\t\t\t\t\t\t\t\t\t\t\t\t\t\t<img decoding=\"async\" width=\"2080\" height=\"1170\" src=\"https:\/\/tamx.com.mx\/wp-content\/uploads\/2023\/09\/20230804_225635158_iOS.jpg\" class=\"attachment-full size-full wp-image-585\" alt=\"\" srcset=\"https:\/\/tamx.com.mx\/wp-content\/uploads\/2023\/09\/20230804_225635158_iOS.jpg 2080w, https:\/\/tamx.com.mx\/wp-content\/uploads\/2023\/09\/20230804_225635158_iOS-300x169.jpg 300w, https:\/\/tamx.com.mx\/wp-content\/uploads\/2023\/09\/20230804_225635158_iOS-1024x576.jpg 1024w, https:\/\/tamx.com.mx\/wp-content\/uploads\/2023\/09\/20230804_225635158_iOS-768x432.jpg 768w, https:\/\/tamx.com.mx\/wp-content\/uploads\/2023\/09\/20230804_225635158_iOS-1536x864.jpg 1536w, https:\/\/tamx.com.mx\/wp-content\/uploads\/2023\/09\/20230804_225635158_iOS-2048x1152.jpg 2048w\" sizes=\"(max-width: 2080px) 100vw, 2080px\" \/>\t\t\t\t\t\t\t\t\t\t\t\t\t\t\t<\/div>\n\t\t\t\t<\/div>\n\t\t\t\t<div class=\"elementor-element elementor-element-7c7a6b0 elementor-widget elementor-widget-image-box\" data-id=\"7c7a6b0\" data-element_type=\"widget\" data-widget_type=\"image-box.default\">\n\t\t\t\t<div class=\"elementor-widget-container\">\n\t\t\t\t\t<div class=\"elementor-image-box-wrapper\"><div class=\"elementor-image-box-content\"><h5 class=\"elementor-image-box-title\">Bodegas\/Patio<\/h5><p class=\"elementor-image-box-description\">Espacio de operabilidad y maniobra para llevar a cabo cada una de las actividades que necesitas-<\/p><\/div><\/div>\t\t\t\t<\/div>\n\t\t\t\t<\/div>\n\t\t\t\t<div class=\"elementor-element elementor-element-874b8fb elementor-align-center elementor-widget elementor-widget-button\" data-id=\"874b8fb\" data-element_type=\"widget\" data-widget_type=\"button.default\">\n\t\t\t\t<div class=\"elementor-widget-container\">\n\t\t\t\t\t\t\t\t\t<div class=\"elementor-button-wrapper\">\n\t\t\t\t\t<a class=\"elementor-button elementor-button-link elementor-size-sm\" href=\"#\">\n\t\t\t\t\t\t<span class=\"elementor-button-content-wrapper\">\n\t\t\t\t\t\t<span class=\"elementor-button-icon\">\n\t\t\t\t<i aria-hidden=\"true\" class=\"fas fa-long-arrow-alt-right\"><\/i>\t\t\t<\/span>\n\t\t\t\t\t\t\t\t\t<span class=\"elementor-button-text\">cONOCER M\u00c1S<\/span>\n\t\t\t\t\t<\/span>\n\t\t\t\t\t<\/a>\n\t\t\t\t<\/div>\n\t\t\t\t\t\t\t\t<\/div>\n\t\t\t\t<\/div>\n\t\t\t\t\t<\/div>\n\t\t<\/div>\n\t\t\t\t\t<\/div>\n\t\t<\/section>\n\t\t\t\t\t<\/div>\n\t\t<\/div>\n\t\t\t\t\t<\/div>\n\t\t<\/section>\n\t\t\t\t<section class=\"elementor-section elementor-top-section elementor-element elementor-element-51af88c elementor-section-boxed elementor-section-height-default elementor-section-height-default\" data-id=\"51af88c\" data-element_type=\"section\" data-settings=\"{&quot;background_background&quot;:&quot;classic&quot;}\">\n\t\t\t\t\t\t\t<div class=\"elementor-background-overlay\"><\/div>\n\t\t\t\t\t\t\t<div class=\"elementor-container elementor-column-gap-default\">\n\t\t\t\t\t<div class=\"elementor-column elementor-col-100 elementor-top-column elementor-element elementor-element-a9a69dd\" data-id=\"a9a69dd\" data-element_type=\"column\">\n\t\t\t<div class=\"elementor-widget-wrap elementor-element-populated\">\n\t\t\t\t\t\t<div class=\"elementor-element elementor-element-903dcf2 elementor-widget elementor-widget-heading\" data-id=\"903dcf2\" data-element_type=\"widget\" data-widget_type=\"heading.default\">\n\t\t\t\t<div class=\"elementor-widget-container\">\n\t\t\t\t\t<h2 class=\"elementor-heading-title elementor-size-default\">NUESTRO EQUIPO<\/h2>\t\t\t\t<\/div>\n\t\t\t\t<\/div>\n\t\t\t\t<div class=\"elementor-element elementor-element-1694eb3 elementor-widget-divider--view-line elementor-widget elementor-widget-divider\" data-id=\"1694eb3\" data-element_type=\"widget\" data-widget_type=\"divider.default\">\n\t\t\t\t<div class=\"elementor-widget-container\">\n\t\t\t\t\t\t\t<div class=\"elementor-divider\">\n\t\t\t<span class=\"elementor-divider-separator\">\n\t\t\t\t\t\t<\/span>\n\t\t<\/div>\n\t\t\t\t\t\t<\/div>\n\t\t\t\t<\/div>\n\t\t\t\t<div class=\"elementor-element elementor-element-c07d6ad elementor-widget elementor-widget-text-editor\" data-id=\"c07d6ad\" data-element_type=\"widget\" data-widget_type=\"text-editor.default\">\n\t\t\t\t<div class=\"elementor-widget-container\">\n\t\t\t\t\t\t\t\t\t<p>Contamos con m\u00e1s de 50 unidades de transporte para poder realizar tus entregas conforme a la medidas de planeaci\u00f3n log\u00edstica que mejor se adaptan a tus necesidades.&nbsp;<\/p>\t\t\t\t\t\t\t\t<\/div>\n\t\t\t\t<\/div>\n\t\t\t\t<div class=\"elementor-element elementor-element-3ab74e6 elementor-align-left elementor-mobile-align-center elementor-widget elementor-widget-button\" data-id=\"3ab74e6\" data-element_type=\"widget\" data-widget_type=\"button.default\">\n\t\t\t\t<div class=\"elementor-widget-container\">\n\t\t\t\t\t\t\t\t\t<div class=\"elementor-button-wrapper\">\n\t\t\t\t\t<a class=\"elementor-button elementor-button-link elementor-size-sm\" href=\"#\">\n\t\t\t\t\t\t<span class=\"elementor-button-content-wrapper\">\n\t\t\t\t\t\t<span class=\"elementor-button-icon\">\n\t\t\t\t<i aria-hidden=\"true\" class=\"fas fa-long-arrow-alt-right\"><\/i>\t\t\t<\/span>\n\t\t\t\t\t\t\t\t\t<span class=\"elementor-button-text\">cONOCER M\u00c1S<\/span>\n\t\t\t\t\t<\/span>\n\t\t\t\t\t<\/a>\n\t\t\t\t<\/div>\n\t\t\t\t\t\t\t\t<\/div>\n\t\t\t\t<\/div>\n\t\t\t\t\t<\/div>\n\t\t<\/div>\n\t\t\t\t\t<\/div>\n\t\t<\/section>\n\t\t\t\t<section class=\"elementor-section elementor-top-section elementor-element elementor-element-c604d49 elementor-section-boxed elementor-section-height-default elementor-section-height-default\" data-id=\"c604d49\" data-element_type=\"section\">\n\t\t\t\t\t\t<div class=\"elementor-container elementor-column-gap-default\">\n\t\t\t\t\t<div class=\"elementor-column elementor-col-33 elementor-top-column elementor-element elementor-element-db54639\" data-id=\"db54639\" data-element_type=\"column\">\n\t\t\t<div class=\"elementor-widget-wrap elementor-element-populated\">\n\t\t\t\t\t\t<div class=\"elementor-element elementor-element-fb8d721 elementor-widget elementor-widget-heading\" data-id=\"fb8d721\" data-element_type=\"widget\" data-widget_type=\"heading.default\">\n\t\t\t\t<div class=\"elementor-widget-container\">\n\t\t\t\t\t<h2 class=\"elementor-heading-title elementor-size-default\">Naves industriales\/<br>bodegas<\/h2>\t\t\t\t<\/div>\n\t\t\t\t<\/div>\n\t\t\t\t<div class=\"elementor-element elementor-element-a271134 elementor-widget-divider--view-line elementor-widget elementor-widget-divider\" data-id=\"a271134\" data-element_type=\"widget\" data-widget_type=\"divider.default\">\n\t\t\t\t<div class=\"elementor-widget-container\">\n\t\t\t\t\t\t\t<div class=\"elementor-divider\">\n\t\t\t<span class=\"elementor-divider-separator\">\n\t\t\t\t\t\t<\/span>\n\t\t<\/div>\n\t\t\t\t\t\t<\/div>\n\t\t\t\t<\/div>\n\t\t\t\t<div class=\"elementor-element elementor-element-38df08c elementor-widget elementor-widget-text-editor\" data-id=\"38df08c\" data-element_type=\"widget\" data-widget_type=\"text-editor.default\">\n\t\t\t\t<div class=\"elementor-widget-container\">\n\t\t\t\t\t\t\t\t\t<p>Contamos con una infraestructura ideal para almacenar, proteger y resguardar de manera integra y segura tu mercancia. Nuestras instalaciones son de excelente calidad, y continuamente estamos mejorando y expandi\u00e9ndonos para ofrecerte un mejor espacio que cumpla con los m\u00e1s altos est\u00e1ndares.\u00a0\u00a0<\/p>\t\t\t\t\t\t\t\t<\/div>\n\t\t\t\t<\/div>\n\t\t\t\t<div class=\"elementor-element elementor-element-e0ce68f elementor-align-left elementor-mobile-align-center elementor-widget elementor-widget-button\" data-id=\"e0ce68f\" data-element_type=\"widget\" data-widget_type=\"button.default\">\n\t\t\t\t<div class=\"elementor-widget-container\">\n\t\t\t\t\t\t\t\t\t<div class=\"elementor-button-wrapper\">\n\t\t\t\t\t<a class=\"elementor-button elementor-button-link elementor-size-sm\" href=\"#\">\n\t\t\t\t\t\t<span class=\"elementor-button-content-wrapper\">\n\t\t\t\t\t\t\t\t\t<span class=\"elementor-button-text\">Conocer m\u00e1s<\/span>\n\t\t\t\t\t<\/span>\n\t\t\t\t\t<\/a>\n\t\t\t\t<\/div>\n\t\t\t\t\t\t\t\t<\/div>\n\t\t\t\t<\/div>\n\t\t\t\t\t<\/div>\n\t\t<\/div>\n\t\t\t\t<div class=\"elementor-column elementor-col-33 elementor-top-column elementor-element elementor-element-0e0426c\" data-id=\"0e0426c\" data-element_type=\"column\">\n\t\t\t<div class=\"elementor-widget-wrap elementor-element-populated\">\n\t\t\t\t\t\t<div class=\"elementor-element elementor-element-8d7aa89 elementor-widget elementor-widget-image\" data-id=\"8d7aa89\" data-element_type=\"widget\" data-widget_type=\"image.default\">\n\t\t\t\t<div class=\"elementor-widget-container\">\n\t\t\t\t\t\t\t\t\t\t\t\t\t\t\t<img loading=\"lazy\" decoding=\"async\" width=\"1024\" height=\"576\" src=\"https:\/\/tamx.com.mx\/wp-content\/uploads\/2023\/09\/20230804_223444645_iOS-1024x576.jpg\" class=\"attachment-large size-large wp-image-590\" alt=\"\" srcset=\"https:\/\/tamx.com.mx\/wp-content\/uploads\/2023\/09\/20230804_223444645_iOS-1024x576.jpg 1024w, https:\/\/tamx.com.mx\/wp-content\/uploads\/2023\/09\/20230804_223444645_iOS-300x169.jpg 300w, https:\/\/tamx.com.mx\/wp-content\/uploads\/2023\/09\/20230804_223444645_iOS-768x432.jpg 768w, https:\/\/tamx.com.mx\/wp-content\/uploads\/2023\/09\/20230804_223444645_iOS-1536x864.jpg 1536w, https:\/\/tamx.com.mx\/wp-content\/uploads\/2023\/09\/20230804_223444645_iOS-2048x1152.jpg 2048w\" sizes=\"(max-width: 1024px) 100vw, 1024px\" \/>\t\t\t\t\t\t\t\t\t\t\t\t\t\t\t<\/div>\n\t\t\t\t<\/div>\n\t\t\t\t<div class=\"elementor-element elementor-element-b7c6863 elementor-widget elementor-widget-image\" data-id=\"b7c6863\" data-element_type=\"widget\" data-widget_type=\"image.default\">\n\t\t\t\t<div class=\"elementor-widget-container\">\n\t\t\t\t\t\t\t\t\t\t\t\t\t\t\t<img loading=\"lazy\" decoding=\"async\" width=\"2080\" height=\"1170\" src=\"https:\/\/tamx.com.mx\/wp-content\/uploads\/2023\/09\/20230804_222443764_iOS.jpg\" class=\"attachment-full size-full wp-image-588\" alt=\"\" srcset=\"https:\/\/tamx.com.mx\/wp-content\/uploads\/2023\/09\/20230804_222443764_iOS.jpg 2080w, https:\/\/tamx.com.mx\/wp-content\/uploads\/2023\/09\/20230804_222443764_iOS-300x169.jpg 300w, https:\/\/tamx.com.mx\/wp-content\/uploads\/2023\/09\/20230804_222443764_iOS-1024x576.jpg 1024w, https:\/\/tamx.com.mx\/wp-content\/uploads\/2023\/09\/20230804_222443764_iOS-768x432.jpg 768w, https:\/\/tamx.com.mx\/wp-content\/uploads\/2023\/09\/20230804_222443764_iOS-1536x864.jpg 1536w, https:\/\/tamx.com.mx\/wp-content\/uploads\/2023\/09\/20230804_222443764_iOS-2048x1152.jpg 2048w\" sizes=\"(max-width: 2080px) 100vw, 2080px\" \/>\t\t\t\t\t\t\t\t\t\t\t\t\t\t\t<\/div>\n\t\t\t\t<\/div>\n\t\t\t\t\t<\/div>\n\t\t<\/div>\n\t\t\t\t<div class=\"elementor-column elementor-col-33 elementor-top-column elementor-element elementor-element-3b90556\" data-id=\"3b90556\" data-element_type=\"column\">\n\t\t\t<div class=\"elementor-widget-wrap elementor-element-populated\">\n\t\t\t\t\t\t<div class=\"elementor-element elementor-element-dc7d86f elementor-widget elementor-widget-image\" data-id=\"dc7d86f\" data-element_type=\"widget\" data-widget_type=\"image.default\">\n\t\t\t\t<div class=\"elementor-widget-container\">\n\t\t\t\t\t\t\t\t\t\t\t\t\t\t\t<img loading=\"lazy\" decoding=\"async\" width=\"2080\" height=\"1170\" src=\"https:\/\/tamx.com.mx\/wp-content\/uploads\/2023\/09\/20230804_222911556_iOS.jpg\" class=\"attachment-full size-full wp-image-589\" alt=\"\" srcset=\"https:\/\/tamx.com.mx\/wp-content\/uploads\/2023\/09\/20230804_222911556_iOS.jpg 2080w, https:\/\/tamx.com.mx\/wp-content\/uploads\/2023\/09\/20230804_222911556_iOS-300x169.jpg 300w, https:\/\/tamx.com.mx\/wp-content\/uploads\/2023\/09\/20230804_222911556_iOS-1024x576.jpg 1024w, https:\/\/tamx.com.mx\/wp-content\/uploads\/2023\/09\/20230804_222911556_iOS-768x432.jpg 768w, https:\/\/tamx.com.mx\/wp-content\/uploads\/2023\/09\/20230804_222911556_iOS-1536x864.jpg 1536w, https:\/\/tamx.com.mx\/wp-content\/uploads\/2023\/09\/20230804_222911556_iOS-2048x1152.jpg 2048w\" sizes=\"(max-width: 2080px) 100vw, 2080px\" \/>\t\t\t\t\t\t\t\t\t\t\t\t\t\t\t<\/div>\n\t\t\t\t<\/div>\n\t\t\t\t<div class=\"elementor-element elementor-element-50649d3 elementor-widget elementor-widget-image\" data-id=\"50649d3\" data-element_type=\"widget\" data-widget_type=\"image.default\">\n\t\t\t\t<div class=\"elementor-widget-container\">\n\t\t\t\t\t\t\t\t\t\t\t\t\t\t\t<img loading=\"lazy\" decoding=\"async\" width=\"1024\" height=\"576\" src=\"https:\/\/tamx.com.mx\/wp-content\/uploads\/2023\/09\/20230804_223919718_iOS-1024x576.jpg\" class=\"attachment-large size-large wp-image-591\" alt=\"\" srcset=\"https:\/\/tamx.com.mx\/wp-content\/uploads\/2023\/09\/20230804_223919718_iOS-1024x576.jpg 1024w, https:\/\/tamx.com.mx\/wp-content\/uploads\/2023\/09\/20230804_223919718_iOS-300x169.jpg 300w, https:\/\/tamx.com.mx\/wp-content\/uploads\/2023\/09\/20230804_223919718_iOS-768x432.jpg 768w, https:\/\/tamx.com.mx\/wp-content\/uploads\/2023\/09\/20230804_223919718_iOS-1536x864.jpg 1536w, https:\/\/tamx.com.mx\/wp-content\/uploads\/2023\/09\/20230804_223919718_iOS-2048x1152.jpg 2048w\" sizes=\"(max-width: 1024px) 100vw, 1024px\" \/>\t\t\t\t\t\t\t\t\t\t\t\t\t\t\t<\/div>\n\t\t\t\t<\/div>\n\t\t\t\t\t<\/div>\n\t\t<\/div>\n\t\t\t\t\t<\/div>\n\t\t<\/section>\n\t\t<div class=\"elementor-element elementor-element-2647b09 e-flex e-con-boxed e-con e-parent\" data-id=\"2647b09\" data-element_type=\"container\">\n\t\t\t\t\t<div class=\"e-con-inner\">\n\t\t\t\t<div class=\"elementor-element elementor-element-1b3e9da elementor-widget elementor-widget-button\" data-id=\"1b3e9da\" data-element_type=\"widget\" data-widget_type=\"button.default\">\n\t\t\t\t<div class=\"elementor-widget-container\">\n\t\t\t\t\t\t\t\t\t<div class=\"elementor-button-wrapper\">\n\t\t\t\t\t<a class=\"elementor-button elementor-button-link elementor-size-sm\" href=\"#\">\n\t\t\t\t\t\t<span class=\"elementor-button-content-wrapper\">\n\t\t\t\t\t\t\t\t\t<span class=\"elementor-button-text\">ubicacion<\/span>\n\t\t\t\t\t<\/span>\n\t\t\t\t\t<\/a>\n\t\t\t\t<\/div>\n\t\t\t\t\t\t\t\t<\/div>\n\t\t\t\t<\/div>\n\t\t\t\t\t<\/div>\n\t\t\t\t<\/div>\n\t\t<div class=\"elementor-element elementor-element-c82a976 e-flex e-con-boxed e-con e-parent\" data-id=\"c82a976\" data-element_type=\"container\">\n\t\t\t\t\t<div class=\"e-con-inner\">\n\t\t\t\t<div class=\"elementor-element elementor-element-f81a31b elementor-widget elementor-widget-google_maps\" data-id=\"f81a31b\" data-element_type=\"widget\" data-widget_type=\"google_maps.default\">\n\t\t\t\t<div class=\"elementor-widget-container\">\n\t\t\t\t\t\t\t<div class=\"elementor-custom-embed\">\n\t\t\t<iframe loading=\"lazy\"\n\t\t\t\t\tsrc=\"https:\/\/maps.google.com\/maps?q=tamx&#038;t=m&#038;z=10&#038;output=embed&#038;iwloc=near\"\n\t\t\t\t\ttitle=\"tamx\"\n\t\t\t\t\taria-label=\"tamx\"\n\t\t\t><\/iframe>\n\t\t<\/div>\n\t\t\t\t\t\t<\/div>\n\t\t\t\t<\/div>\n\t\t\t\t\t<\/div>\n\t\t\t\t<\/div>\n\t\t\t\t<\/div>\n\t\t","protected":false},"excerpt":{"rendered":"<p>Log\u00edstica, Almac\u00e9n y Transporte TAMX LOGISTICS &#8220;Vis\u00edon global, acci\u00f3n local.&#8221; &#8211; TAMX LOGISTICS S.A. DE C.V. Nuestras instalaciones Edificio Central Juntos trabajamos para brindarte un servicio de calidad para satisfacer tus m\u00e1s altas necesidades de log\u00edstica. Conocer m\u00e1s Bodegas\/Patio Espacio de operabilidad y maniobra para llevar a cabo cada una de las actividades que necesitas- &hellip;<\/p>\n<p class=\"read-more\"> <a class=\"\" href=\"https:\/\/tamx.com.mx\/\"> <span class=\"screen-reader-text\">Inicio<\/span> Read More &raquo;<\/a><\/p>\n","protected":false},"author":1,"featured_media":0,"parent":0,"menu_order":0,"comment_status":"closed","ping_status":"closed","template":"","meta":{"site-sidebar-layout":"no-sidebar","site-content-layout":"page-builder","ast-site-content-layout":"full-width-container","site-content-style":"unboxed","site-sidebar-style":"unboxed","ast-global-header-display":"","ast-banner-title-visibility":"","ast-main-header-display":"","ast-hfb-above-header-display":"","ast-hfb-below-header-display":"","ast-hfb-mobile-header-display":"","site-post-title":"disabled","ast-breadcrumbs-content":"","ast-featured-img":"disabled","footer-sml-layout":"","theme-transparent-header-meta":"disabled","adv-header-id-meta":"","stick-header-meta":"","header-above-stick-meta":"","header-main-stick-meta":"","header-below-stick-meta":"","astra-migrate-meta-layouts":"set","footnotes":""},"_links":{"self":[{"href":"https:\/\/tamx.com.mx\/index.php\/wp-json\/wp\/v2\/pages\/540"}],"collection":[{"href":"https:\/\/tamx.com.mx\/index.php\/wp-json\/wp\/v2\/pages"}],"about":[{"href":"https:\/\/tamx.com.mx\/index.php\/wp-json\/wp\/v2\/types\/page"}],"author":[{"embeddable":true,"href":"https:\/\/tamx.com.mx\/index.php\/wp-json\/wp\/v2\/users\/1"}],"replies":[{"embeddable":true,"href":"https:\/\/tamx.com.mx\/index.php\/wp-json\/wp\/v2\/comments?post=540"}],"version-history":[{"count":47,"href":"https:\/\/tamx.com.mx\/index.php\/wp-json\/wp\/v2\/pages\/540\/revisions"}],"predecessor-version":[{"id":751,"href":"https:\/\/tamx.com.mx\/index.php\/wp-json\/wp\/v2\/pages\/540\/revisions\/751"}],"wp:attachment":[{"href":"https:\/\/tamx.com.mx\/index.php\/wp-json\/wp\/v2\/media?parent=540"}],"curies":[{"name":"wp","href":"https:\/\/api.w.org\/{rel}","templated":true}]}}